{"id":728,"date":"2010-04-14T18:19:52","date_gmt":"2010-04-14T17:19:52","guid":{"rendered":"http:\/\/www.ff-frechen-film.de\/?page_id=728"},"modified":"2013-04-10T12:33:06","modified_gmt":"2013-04-10T11:33:06","slug":"do-13-05-2010-tag-der-startrek-zeitreisen-im-linden-theater","status":"publish","type":"page","link":"https:\/\/www.frechen-film.de\/?page_id=728","title":{"rendered":"Vergangene Aktionen"},"content":{"rendered":"<table width=\"100%\">\n<tbody>\n<tr>\n<td>\n<h3 class=\"Stil2\">Hier finden Sie Informationen zu bereits durchgef\u00fchrten Sonderaktionen des Frechen-Film e. V., erg\u00e4nzt um Fotos und\/oder Presseartikel zu der Veranstaltung<\/h3>\n<\/td>\n<\/tr>\n<tr>\n<td style=\"text-align: center;\">\n<h2>Sonntag, 24. M\u00e4rz 2013, 15.00 Uhr<\/h2>\n<h1><span style=\"color: #ff0000;\">20.000 Orden f\u00fcr Alaska<\/span><\/h1>\n<p style=\"text-align: justify;\">Klaus L\u00fcttgen erf\u00fcllt sich einen Kindheitstraum und bereist 2011 den Norden British Columbias, Yukon und Alaska mit dem Fahrrad. Im Gep\u00e4ck: unz\u00e4hlige Karnevalsorden, die er von seinem 2008 verstorbenen Vater geerbt hat. Auf seiner Reise trifft er viele Menschen, die ihm mit Essen und Trinken, einem Nachtlager oder mit Infos und Ratschl\u00e4gen versorgen; ihnen schenkt er die Orden. Sein Abenteuer h\u00e4lt er mit der Videokamera fest. Aus unz\u00e4hligen Stunden Videomaterial entstand nun ein 90min\u00fctiges Roadmovie der besonderen Art.<\/p>\n<p><img loading=\"lazy\" decoding=\"async\" class=\"aligncenter\" alt=\"\" src=\"http:\/\/www.ff-frechen-film.de\/wp-content\/uploads\/2013\/03\/Alaska.png\" width=\"254\" height=\"174\" \/><\/p>\n<p style=\"text-align: left;\">Zur Premiere des Films im Linden-Theater kamen \u00fcber 100 Besucher. Vor dem Film berichtete Klaus L\u00fcttgen noch in eigenen Worten anhand einer Diashow von seiner Reise. Herr L\u00fcttgen hofft, sein Roadmovie in der Zukunft auch in anderen Kinos zeigen zu k\u00f6nnen. Derzeit befindet er sich aber bereits auf seiner n\u00e4chsten Reise, die ihn per pedes vom K\u00f6lner Dom bis nach Polen f\u00fchren wird, auf den Spuren seiner Familienwurzeln.<strong><br \/>\n<\/strong><\/p>\n<p style=\"text-align: left;\">30 % der Einnahmen aus den Eintrittsgeldern hat Herr L\u00fcttgen bereits an \u00c4rzte ohne Grenzen gespendet.<\/p>\n<p style=\"text-align: left;\">Einige Fotos von der Premiere finden Sie nachfolgend:<\/p>\n<p style=\"text-align: left;\"><strong>[nggallery id=3]<\/strong><\/p>\n<p style=\"text-align: justify;\">Veranstalter: Klaus L\u00fcttgen, pr\u00e4sentiert von Frechen-Film e. V.<\/p>\n<p style=\"text-align: justify;\">Dokumentation, ca. 90 Minuten<\/p>\n<p style=\"text-align: justify;\">Mehr Infos unter <a title=\"Rocktheroads\" href=\"http:\/\/www.rocktheroads.de\/index.html\" target=\"_blank\">www.rocktheroads.de<\/a><\/p>\n<p style=\"text-align: justify;\">\n<\/td>\n<\/tr>\n<tr>\n<td>\n<h3 style=\"text-align: center;\"><a class=\"lightbox\" title=\"Plakat 7 Summits\" href=\"http:\/\/www.lindentheater-frechen.de\/wp-content\/uploads\/2009\/02\/Plakat-7-Summits-5.jpg\"><img loading=\"lazy\" decoding=\"async\" class=\"alignright size-medium wp-image-2091\" title=\"Plakat 7 Summits\" alt=\"\" src=\"http:\/\/www.lindentheater-frechen.de\/wp-content\/uploads\/2009\/02\/Plakat-7-Summits-5-212x300.jpg\" width=\"151\" height=\"214\" \/><\/a><\/h3>\n<h2 style=\"text-align: center;\">Mittwoch, 7. Dezember 2011, 20.00 Uhr:<\/h2>\n<h1 style=\"text-align: center;\"><span style=\"color: #ff0000;\"><strong>7 Summits &#8211; Ein Kapfenberger auf den h\u00f6chsten Gipfeln aller 7 Kontinente<\/strong><\/span><\/h1>\n<h3 style=\"text-align: center;\"><strong>Lichtbildvortrag von Helmut Linzbichler<\/strong><\/h3>\n<p style=\"text-align: center;\">Veranstalter: Freundeskreis Kapfenberg-Frechen e. V.<\/p>\n<p style=\"text-align: justify;\">In die Welt des hochalpinen Bergsteigens f\u00fchrt ein zweist\u00fcndiger Lichtbildvortrag des Kapfenberger Alpinisten Helmut Linzbichler. Der 70-j\u00e4hrige Lehrer berichtet auf Einladung des Freundeskreises Kapfenberg &#8211; Frechen e.V. \u00fcber sein Abenteuer &#8222;7 Summits&#8220;.<\/p>\n<p>Hierbei handelt es sich um einen Wettbewerb der internationalen Bergsteigerelite. Ziel ist es, den jeweils h\u00f6chsten Gipfel aller Kontinente zu besteigen. Dazu z\u00e4hlen am Anfang nur die f\u00fcnf Erdteile. Sp\u00e4ter wurde eine Unterscheidung zwischen Nord- und S\u00fcdamerika vorgenommen sowie die Antarktis hinzugenommen.<\/p>\n<p>Das Unternehmen &#8222;7 Summits&#8220; startete der Hauptschullehrer am 26.12.1969 mit der Ersteigung des Kilimanscharo (Afrika). Abgeschlossen wurde es genau 39 Jahre und 342 Tage sp\u00e4ter am 3. Dezember 2009 auf dem Gipfel des Mount Vinson (Antarktis). Damit erzielte Linzbichler gleich drei Rekorde: der \u00e4lteste Mensch auf dem Mount Vinson, der \u00e4lteste Mensch (68 Jahre und 94 Tage) der 7 Summits und die l\u00e4ngste Zeitspanne f\u00fcr die Vollendung der 7 Summits.<\/p>\n<p>Der Erl\u00f6s der Veranstaltung wird f\u00fcr einen guten Zweck gespendet. Im Anschluss an den Vortrag besteht die Gelegenheit zu einem pers\u00f6nlichen Kennenlernen.<\/p>\n<p style=\"text-align: justify;\">\n<\/td>\n<\/tr>\n<tr>\n<td>\n<h2 style=\"text-align: center;\">Samstag, 6. November 2010<\/h2>\n<h1 style=\"text-align: center;\"><span style=\"color: #ff0000;\">Ohrenkino&#8230;wenn das Trommelfell zur Leinwand wird<\/span><\/h1>\n<p><a class=\"lightbox\" title=\"Ohrenkino\" href=\"http:\/\/www.ff-frechen-film.de\/wp-content\/uploads\/2009\/04\/Ohrenkino-f\u00fcr-Website-klein.jpg\"><img loading=\"lazy\" decoding=\"async\" class=\"alignright size-medium wp-image-928\" title=\"Ohrenkino\" alt=\"\" src=\"http:\/\/www.ff-frechen-film.de\/wp-content\/uploads\/2009\/04\/Ohrenkino-f\u00fcr-Website-klein-199x300.jpg\" width=\"199\" height=\"300\" srcset=\"https:\/\/www.frechen-film.de\/wp-content\/uploads\/2009\/04\/Ohrenkino-f\u00fcr-Website-klein-199x300.jpg 199w, https:\/\/www.frechen-film.de\/wp-content\/uploads\/2009\/04\/Ohrenkino-f\u00fcr-Website-klein.jpg 533w\" sizes=\"auto, (max-width: 199px) 100vw, 199px\" \/><\/a>180 begeisterte Zuschauer, 50 zufriedene Musiker &#8211; was kann man sich zum Abschluss des Jubil\u00e4umsjahres mehr w\u00fcnschen?<\/p>\n<p>F\u00fcr unsere Jubil\u00e4ums-Gala-Vorstellung hatten wir uns ein besonderes Highlight ausgesucht: Ein Filmmusikkonzert der besonderen Art &#8211; &#8222;Ohrenkino&#8230;wenn das Trommelfell zur Leinwand wird&#8220;. Das Konzert sprach nicht nur die Ohren, sondern auch die Augen an, denn zu den von 50 Musikern live gespielten Filmmusiken wurden auch die passenden Filmausschnitte gezeigt. So gab es dann ein Wiederh\u00f6ren und -sehen z. B. mit &#8222;Der Zauberer von Oz&#8220;, &#8222;Die glorreichen Sieben&#8220;, &#8222;Blues Brothers&#8220;, &#8222;Grease&#8220;, &#8222;Die Muppets-Show&#8220;, &#8222;Superman&#8220; und vielen weiteren Highlights aus Film und Fernsehen. Zwischen den Musiktiteln f\u00fchrte der 2. Vorsitzende des Frechen-Film e. V., Carsten Kurz, mit kurzweiligen Informationen zu den Filmen, aber auch zum Kino und seinen Vereinen, durch das Programm. Er war es auch, der dieses au\u00dfergew\u00f6hnliche Event aus seiner Heimat im Westerwald nach Frechen holte.<\/p>\n<p>Das Publikum war von dem Abend begeistert und entlie\u00df den Musikverein Ransbach-Baumbach 1900 e. V. erst nach mehreren Zugaben aus dem Saal.<\/p>\n<p>Und auch wir freuen uns, dass mit diesem Kulturhighlight unser Jubil\u00e4umsjahr einen w\u00fcrdigen Abschluss findet.<\/p>\n<p>Wer mehr \u00fcber die Musiker und das Ohrenkino erfahren m\u00f6chte: Informationen zum Musikverein Ransbach-Baumbach 1900 e. V. gibt es <a title=\"Musikverein Ransbach-Baumbach e. V.\" href=\"http:\/\/www.mv-ransbach-baumbach.de\/\" target=\"_blank\">HIER<\/a><\/p>\n<p>&nbsp;<\/td>\n<\/tr>\n<tr>\n<td>\n<h2 class=\"Stil2\" style=\"text-align: center;\"><span style=\"color: #000000;\">Freitag, 30. Juli 2010<br \/>\n<\/span><\/h2>\n<h1 style=\"text-align: center;\"><span style=\"color: #ff0000;\">1. Sommer-Kino im Terrassenfreibad Frechen<\/span><\/h1>\n<p style=\"text-align: center;\"><span style=\"color: #ff0000;\"><img loading=\"lazy\" decoding=\"async\" class=\"size-medium wp-image-894 aligncenter\" title=\"Logo Sommer-Kino\" alt=\"\" src=\"http:\/\/www.ff-frechen-film.de\/wp-content\/uploads\/2010\/04\/Logo-Sommer-Kino-300x159.png\" width=\"300\" height=\"159\" srcset=\"https:\/\/www.frechen-film.de\/wp-content\/uploads\/2010\/04\/Logo-Sommer-Kino-300x159.png 300w, https:\/\/www.frechen-film.de\/wp-content\/uploads\/2010\/04\/Logo-Sommer-Kino.png 868w\" sizes=\"auto, (max-width: 300px) 100vw, 300px\" \/><\/span><\/p>\n<p style=\"text-align: justify;\">In Zusammenarbeit mit dem Freizeit- und B\u00e4derbetrieb der Stadt Frechen pr\u00e4sentierte der Frechen-Film e. V. zum Mitternachtsschwimmen des Terrassenfreibades in Frechen erstmals eine Open-Air-Veranstaltung.<\/p>\n<p style=\"text-align: justify;\">Auch f\u00fcr uns war es ein aufregendes Event, hatten wir doch noch nie eine Open-Air-Veranstaltung durchgef\u00fchrt. Der Aufbau der Leinwand gestaltete sich ein wenig schwierig, da wir erst wenige Tage zuvor das Leinwandtuch aus einem alten Kino abkaufen konnten und den Rahmen dieser Leinwand praktisch &#8222;vor Ort&#8220; konstruieren mussten. Aber auch dies konnten wir noch rechtzeitig beenden, so dass wir den Film &#8222;Willkommen bei den Sch\u00b4tis&#8220; dann auf einer Gro\u00dfleinwand pr\u00e4sentieren konnten.<\/p>\n<p style=\"text-align: justify;\">Der Wettergott spielte auch mit und bescherte uns nach vorangegangenen Regentagen einen sonnigen Tag und milden Abend. Die Zuschauer str\u00f6mten dann auch auf die Grasterrassen, am Ende waren es wohl \u00fcber 270 Besucher.<\/p>\n<p style=\"text-align: justify;\">Wir hoffen, diese Veranstaltung im n\u00e4chsten Jahr fortsetzen zu k\u00f6nnen. Einige Fotos finden Sie nachfolgend.<\/p>\n<p>[nggallery id=2]<\/p>\n<p><div id=\"attachment_897\" style=\"width: 271px\" class=\"wp-caption aligncenter\"><a class=\"lightbox\" title=\"2010-08-02 Rundschau - Freibad-Open-Air klein\" href=\"http:\/\/www.ff-frechen-film.de\/wp-content\/uploads\/2010\/04\/2010-08-02-Rundschau-Freibad-Open-Air-klein.jpg\"><img loading=\"lazy\" decoding=\"async\" aria-describedby=\"caption-attachment-897\" class=\"size-medium wp-image-897 \" title=\"2010-08-02 Rundschau - Freibad-Open-Air klein\" alt=\"K\u00f6lnische Rundschau vom 2. August 2010\" src=\"http:\/\/www.ff-frechen-film.de\/wp-content\/uploads\/2010\/04\/2010-08-02-Rundschau-Freibad-Open-Air-klein-300x275.jpg\" width=\"261\" height=\"239\" srcset=\"https:\/\/www.frechen-film.de\/wp-content\/uploads\/2010\/04\/2010-08-02-Rundschau-Freibad-Open-Air-klein-300x275.jpg 300w, https:\/\/www.frechen-film.de\/wp-content\/uploads\/2010\/04\/2010-08-02-Rundschau-Freibad-Open-Air-klein.jpg 872w\" sizes=\"auto, (max-width: 261px) 100vw, 261px\" \/><\/a><p id=\"caption-attachment-897\" class=\"wp-caption-text\">K\u00f6lnische Rundschau vom 2. August 2010<\/p><\/div><\/td>\n<\/tr>\n<tr>\n<td style=\"text-align: center;\">\n<h2><strong><strong>Donnerstag, 13. Mai 2010 (Christi Himmelfahrt)<\/strong><\/strong><\/h2>\n<h1><span style=\"color: #ff0000;\">Tag der StarTrek-Zeitreisen<\/span><\/h1>\n<p style=\"text-align: center;\"><span style=\"color: #ff0000;\"><img loading=\"lazy\" decoding=\"async\" class=\"size-large wp-image-895 aligncenter\" title=\"Star Trek Tag\" alt=\"\" src=\"http:\/\/www.ff-frechen-film.de\/wp-content\/uploads\/2010\/04\/Logo-bunt-1024x313.jpg\" width=\"423\" height=\"129\" srcset=\"https:\/\/www.frechen-film.de\/wp-content\/uploads\/2010\/04\/Logo-bunt-1024x313.jpg 1024w, https:\/\/www.frechen-film.de\/wp-content\/uploads\/2010\/04\/Logo-bunt-300x91.jpg 300w, https:\/\/www.frechen-film.de\/wp-content\/uploads\/2010\/04\/Logo-bunt.jpg 1365w\" sizes=\"auto, (max-width: 423px) 100vw, 423px\" \/><br \/>\n<\/span><\/p>\n<p style=\"text-align: justify;\"><span style=\"color: #ff0000;\"><span style=\"color: #000000;\">Passend zum Feiertag bot der Frechen-Film e. V. eine Reise in h\u00f6here Sph\u00e4ren an. Drei StarTrek-Filme an einem Tag sollten es sein. Aber nach welchen Kriterien sollte aus den derzeit 11 Filmen der Reihe ausgew\u00e4hlt werden? Wir entschieden uns schlie\u00dflich f\u00fcr die drei Filme, die eine Zeitreise zum Inhalt hatten; somit hatten wir gleichzeitig alle Enterprise-Crews, die die Spielfilme bisher bestritten hatten, abgedeckt.<\/span><\/span><\/p>\n<p style=\"text-align: justify;\"><span style=\"color: #ff0000;\"><span style=\"color: #000000;\">Den &#8211; teilweise aus dem ganzen Bundesgebiet angereisten &#8211; Besuchern gefiel die Filmauswahl. Um 14.30 Uhr startete der Filmmarathon mit &#8222;StarTrek IV &#8211; Zur\u00fcck in die Gegenwart&#8220;, um 17.30 Uhr folgte &#8222;StarTrek VIII &#8211; Der erste Kontakt&#8220; und um 20.00 Uhr beendete der neueste Film der Reihe, &#8222;StarTrek XI&#8220; den Abend. Zwischendurch gab es die Gelegenheit, sich bei einem italienischen Buffet zu st\u00e4rken.<br \/>\n<\/span><\/span><\/p>\n<div>\n<dl id=\"attachment_801\">\n<dt><a title=\"Artikel in Sonntagspost\" href=\"..\/wp-content\/uploads\/2010\/04\/SoPo-Artikel.jpg\"><img loading=\"lazy\" decoding=\"async\" title=\"Artikel in Sonntagspost\" alt=\"Artikel in Sonntagspost\" src=\"..\/wp-content\/uploads\/2010\/04\/SoPo-Artikel-300x174.jpg\" width=\"300\" height=\"174\" \/><\/a><\/dt>\n<dd>Artikel in Sonntagspost<\/dd>\n<dd style=\"text-align: left;\"><code>[nggallery id=1]<\/code><\/dd>\n<\/dl>\n<\/div>\n<p><span style=\"color: #ff0000;\"><span style=\"color: #000000;\"><br \/>\n<\/span><\/span><\/td>\n<\/tr>\n<\/tbody>\n<\/table>\n","protected":false},"excerpt":{"rendered":"<p> Hier finden Sie Informationen zu bereits durchgef\u00fchrten Sonderaktionen des Frechen-Film e. V., erg\u00e4nzt um Fotos und\/oder Presseartikel zu der Veranstaltung Sonntag, 24. M\u00e4rz 2013, 15.00 Uhr 20.000 Orden f\u00fcr Alaska <\/p>\n<p style=\"text-align: justify;\">Klaus L\u00fcttgen erf\u00fcllt sich einen Kindheitstraum und bereist 2011 den Norden British Columbias, Yukon und Alaska mit dem Fahrrad. Im Gep\u00e4ck: unz\u00e4hlige [&#8230;]<\/p>\n","protected":false},"author":2,"featured_media":0,"parent":318,"menu_order":0,"comment_status":"open","ping_status":"open","template":"","meta":{"footnotes":""},"class_list":["post-728","page","type-page","status-publish","hentry","odd"],"_links":{"self":[{"href":"https:\/\/www.frechen-film.de\/index.php?rest_route=\/wp\/v2\/pages\/728","targetHints":{"allow":["GET"]}}],"collection":[{"href":"https:\/\/www.frechen-film.de\/index.php?rest_route=\/wp\/v2\/pages"}],"about":[{"href":"https:\/\/www.frechen-film.de\/index.php?rest_route=\/wp\/v2\/types\/page"}],"author":[{"embeddable":true,"href":"https:\/\/www.frechen-film.de\/index.php?rest_route=\/wp\/v2\/users\/2"}],"replies":[{"embeddable":true,"href":"https:\/\/www.frechen-film.de\/index.php?rest_route=%2Fwp%2Fv2%2Fcomments&post=728"}],"version-history":[{"count":49,"href":"https:\/\/www.frechen-film.de\/index.php?rest_route=\/wp\/v2\/pages\/728\/revisions"}],"predecessor-version":[{"id":761,"href":"https:\/\/www.frechen-film.de\/index.php?rest_route=\/wp\/v2\/pages\/728\/revisions\/761"}],"up":[{"embeddable":true,"href":"https:\/\/www.frechen-film.de\/index.php?rest_route=\/wp\/v2\/pages\/318"}],"wp:attachment":[{"href":"https:\/\/www.frechen-film.de\/index.php?rest_route=%2Fwp%2Fv2%2Fmedia&parent=728"}],"curies":[{"name":"wp","href":"https:\/\/api.w.org\/{rel}","templated":true}]}}